{"id":1656,"date":"2019-12-06T14:19:43","date_gmt":"2019-12-06T11:19:43","guid":{"rendered":"https:\/\/dentavis.ro\/?page_id=1656"},"modified":"2021-02-11T12:49:48","modified_gmt":"2021-02-11T09:49:48","slug":"dentavis1","status":"publish","type":"page","link":"https:\/\/dentavis.ro\/en\/dentavis1\/","title":{"rendered":"Dentavis 1"},"content":{"rendered":"<div id='av_section_1'  class='avia-section main_color avia-section-large avia-no-border-styling  avia-bg-style-scroll  avia-builder-el-0  el_before_av_section  avia-builder-el-first   container_wrap fullsize' style='background-color: #165eaf;  '  ><div class='container' ><main  role=\"main\" itemprop=\"mainContentOfPage\"  class='template-page content  av-content-full alpha units'><div class='post-entry post-entry-type-page post-entry-1656'><div class='entry-content-wrapper clearfix'>\n<div class=\"flex_column av_one_full  av-animated-generic top-to-bottom  flex_column_div first  avia-builder-el-1  el_before_av_hr  avia-builder-el-first  \" style='padding:0px 5% 0px 5% ; border-radius:0px; '><section class=\"av_textblock_section \"  itemscope=\"itemscope\" itemtype=\"https:\/\/schema.org\/CreativeWork\" ><div class='avia_textblock  '   itemprop=\"text\" ><h2 style=\"text-align: center;\"><span style=\"color: #ffffff;\">Dentavis 1<\/span><\/h2>\n<\/div><\/section><br \/>\n<section class=\"av_textblock_section \"  itemscope=\"itemscope\" itemtype=\"https:\/\/schema.org\/CreativeWork\" ><div class='avia_textblock  '   itemprop=\"text\" ><p style=\"text-align: center;\"><span style=\"color: #ffffff;\">For additional information or for making an appointment, we kindly ask you to contact us.<\/span><\/p>\n<p style=\"text-align: center;\"><span style=\"color: #ffffff !important;\"><strong style=\"color: #ffffff !important;\">Popa \u0218apc\u0103 no. 20B, Timi\u0219oara, phone: 0732915090, 0758623991, 0356266260<\/strong><\/span><\/p>\n<\/div><\/section><\/p><\/div><div  style='height:30px' class='hr hr-invisible   avia-builder-el-4  el_after_av_one_full  el_before_av_one_fourth '><span class='hr-inner ' ><span class='hr-inner-style'><\/span><\/span><\/div>\n<div class=\"flex_column av_one_fourth  av-animated-generic top-to-bottom  no_margin flex_column_div av-zero-column-padding first  avia-builder-el-5  el_after_av_hr  el_before_av_one_half  \" style='border-radius:0px; '><\/div><div class=\"flex_column av_one_half  av-animated-generic top-to-bottom  no_margin flex_column_div av-zero-column-padding   avia-builder-el-6  el_after_av_one_fourth  el_before_av_one_fourth  \" style='border-radius:0px; '><div  class='avia-gallery  avia-gallery-1 avia_lazyload avia-gallery-animate avia_animate_when_visible  avia-builder-el-7  avia-builder-el-no-sibling '  itemprop=\"image\" itemscope=\"itemscope\" itemtype=\"https:\/\/schema.org\/ImageObject\" ><div class='avia-gallery-thumb'> <a href='https:\/\/dentavis.ro\/en\/wp-content\/uploads\/2019\/07\/popa-sapca.jpg' data-rel='gallery-1' data-prev-img='https:\/\/dentavis.ro\/en\/wp-content\/uploads\/2019\/07\/popa-sapca.jpg' class='first_thumb lightbox ' data-onclick='1' title='popa-sapca'  itemprop=\"thumbnailUrl\"  ><img decoding=\"async\" class=\"wp-image-1279 avia-img-lazy-loading-not-1279\"   src=\"https:\/\/dentavis.ro\/en\/wp-content\/uploads\/2019\/07\/popa-sapca-260x185.jpg\" width=\"260\" height=\"185\"  title='popa-sapca' alt='' \/><\/a> <a href='https:\/\/dentavis.ro\/en\/wp-content\/uploads\/2019\/07\/IMG_9326-copy-1030x586.jpg' data-rel='gallery-1' data-prev-img='https:\/\/dentavis.ro\/en\/wp-content\/uploads\/2019\/07\/IMG_9326-copy-495x400.jpg' class='lightbox ' data-onclick='2' title='IMG_9326-copy'  itemprop=\"thumbnailUrl\"  ><img decoding=\"async\" class=\"wp-image-1291 avia-img-lazy-loading-not-1291\"   src=\"https:\/\/dentavis.ro\/en\/wp-content\/uploads\/2019\/07\/IMG_9326-copy-260x185.jpg\" width=\"260\" height=\"185\"  title='IMG_9326-copy' alt='' \/><\/a> <a href='https:\/\/dentavis.ro\/en\/wp-content\/uploads\/2019\/07\/IMG_9281-1030x687.jpg' data-rel='gallery-1' data-prev-img='https:\/\/dentavis.ro\/en\/wp-content\/uploads\/2019\/07\/IMG_9281-495x400.jpg' class='lightbox ' data-onclick='3' title='IMG_9281'  itemprop=\"thumbnailUrl\"  ><img decoding=\"async\" class=\"wp-image-1289 avia-img-lazy-loading-not-1289\"   src=\"https:\/\/dentavis.ro\/en\/wp-content\/uploads\/2019\/07\/IMG_9281-260x185.jpg\" width=\"260\" height=\"185\"  title='IMG_9281' alt='' \/><\/a><\/div><\/div><\/div><div class=\"flex_column av_one_fourth  av-animated-generic top-to-bottom  no_margin flex_column_div av-zero-column-padding   avia-builder-el-8  el_after_av_one_half  avia-builder-el-last  \" style='border-radius:0px; '><\/div>\n\n<\/div><\/div><\/main><!-- close content main element --><\/div><\/div><div id='buttn'  class='avia-section main_color avia-section-large avia-no-border-styling  avia-full-stretch av-section-color-overlay-active avia-bg-style-fixed  avia-builder-el-9  el_after_av_section  el_before_av_button_big   av-minimum-height av-minimum-height-25  container_wrap fullsize' style='background-repeat: no-repeat; background-image: url(https:\/\/dentavis.ro\/en\/wp-content\/uploads\/2019\/06\/contact-pic.jpg);background-attachment: fixed; background-position: center center;  '  data-section-bg-repeat='stretch' data-av_minimum_height_pc='25'><div class='av-section-color-overlay-wrap'><div class='av-section-color-overlay' style='opacity: 0.9; background-color: #ffffff; '><\/div><div class='container' ><div class='template-page content  av-content-full alpha units'><div class='post-entry post-entry-type-page post-entry-1656'><div class='entry-content-wrapper clearfix'>\n<div class=\"flex_column av_one_fifth  flex_column_div av-zero-column-padding first  avia-builder-el-10  el_before_av_three_fifth  avia-builder-el-first  \" style='border-radius:0px; '><\/div><div class=\"flex_column av_three_fifth  av-animated-generic pop-up  flex_column_div av-zero-column-padding   avia-builder-el-11  el_after_av_one_fifth  el_before_av_one_fifth  \" style='border-radius:0px; '><section class=\"av_textblock_section \"  itemscope=\"itemscope\" itemtype=\"https:\/\/schema.org\/CreativeWork\" ><div class='avia_textblock  '   itemprop=\"text\" ><h2 style=\"text-align: center;\">Make an Appointment:<\/h2>\n<\/div><\/section><br \/>\n<section class=\"av_textblock_section \"  itemscope=\"itemscope\" itemtype=\"https:\/\/schema.org\/CreativeWork\" ><div class='avia_textblock  '   itemprop=\"text\" ><p style=\"text-align: center;\">V\u0103 a\u0219tept\u0103m \u00een condi\u021bii de siguran\u021b\u0103 maxim\u0103 \u00een urma implement\u0103rii unor proceduri stricte de sterilizare, dezinfec\u021bie \u0219i decontaminare. Folosim echipamente de protec\u021bie adecvate pentru personal \u0219i pacien\u021bi, realiz\u0103m decontaminarea aerului \u0219i a suprafe\u021belor cu l\u0103mpi UV \u0219i prin nebulizare \u0219i dezinfect\u0103m \u0219i sigil\u0103m cu folii de unic\u0103 folosin\u021b\u0103 toate suprafe\u021bele de contact. Se face evacuare complet\u0103 a aerului din cabinete dup\u0103 fiecare pacient, cu sisteme performante de ventila\u021bie.<br \/>\nCompleta\u021bi responsabil formularele de triaj, urma\u021bi protocoalele de siguran\u021b\u0103 \u0219i respecta\u021bi ora program\u0103rii!<\/p>\n<\/div><\/section><br \/>\n<div  style='height:20px' class='hr hr-invisible   avia-builder-el-14  el_after_av_textblock  el_before_av_codeblock '><span class='hr-inner ' ><span class='hr-inner-style'><\/span><\/span><\/div><br \/>\n<\/p><\/div><div class=\"flex_column av_one_fifth  flex_column_div av-zero-column-padding   avia-builder-el-16  el_after_av_three_fifth  avia-builder-el-last  \" style='border-radius:0px; '><\/div>\n\n<div  class='avia-button-wrap avia-button-center  avia-builder-el-17  el_after_av_section  el_before_av_google_map ' ><a href='https:\/\/dentavis.ro\/en\/servicii\/' class='avia-button avia-button-fullwidth   av-icon-on-hover avia-icon_select-yes-left-icon avia-color-theme-color '  style='color:#ffffff; ' ><span class='avia_button_icon avia_button_icon_left' aria-hidden='true' data-av_icon='\ue832' data-av_iconfont='entypo-fontello'><\/span><span class='avia_iconbox_title' > See services and price<\/span><span class='avia_button_background avia-button avia-button-fullwidth avia-color-theme-color' ><\/span><\/a><\/div>\n<div  class='av_gmaps_sc_main_wrap av_gmaps_main_wrap '><div id='av_gmap_0' class='avia-google-map-container avia-google-map-sc av_gmaps_show_unconditionally av-no-fallback-img ' data-mapid='av_gmap_0'  style='height: 500px;'><a class=\"av_gmaps_browser_disabled av_text_confirm_link av_text_confirm_link_visible\" href=\"https:\/\/www.google.com\/maps\/search\/?api=1&#038;query=str.%20Popa%20\u0218apc\u0103,%20nr.%2020B,%20Timi\u0219oara\" target=\"_blank\" rel=\"noopener\">Maps were disabled by the visitor on this site. Click to open the map in a new window.<\/a><\/div><\/div>\n<div id='ft'  class='avia-section alternate_color avia-section-small avia-no-border-styling  avia-bg-style-scroll  avia-builder-el-19  el_after_av_google_map  el_before_av_section   container_wrap fullsize' style=' '  ><div class='container' ><div class='template-page content  av-content-full alpha units'><div class='post-entry post-entry-type-page post-entry-1656'><div class='entry-content-wrapper clearfix'>\n<div class='flex_column_table av-equal-height-column-flextable -flextable' ><div class=\"flex_column av_one_half  flex_column_table_cell av-equal-height-column av-align-middle av-zero-column-padding first  avia-builder-el-20  el_before_av_one_half  avia-builder-el-first  \" style='border-radius:0px; '><div  class='avia-image-container  av-styling-    avia-builder-el-21  avia-builder-el-no-sibling  avia-align-center '  itemprop=\"image\" itemscope=\"itemscope\" itemtype=\"https:\/\/schema.org\/ImageObject\"  ><div class='avia-image-container-inner'><div class='avia-image-overlay-wrap'><img decoding=\"async\" class='wp-image-714 avia-img-lazy-loading-not-714 avia_image' src=\"https:\/\/dentavis.ro\/en\/wp-content\/uploads\/2019\/04\/logo-DentaVis.png\" alt='' title='logo-DentaVis' height=\"418\" width=\"1200\"  itemprop=\"thumbnailUrl\" srcset=\"https:\/\/dentavis.ro\/en\/wp-content\/uploads\/2019\/04\/logo-DentaVis.png 1200w, https:\/\/dentavis.ro\/en\/wp-content\/uploads\/2019\/04\/logo-DentaVis-300x105.png 300w, https:\/\/dentavis.ro\/en\/wp-content\/uploads\/2019\/04\/logo-DentaVis-768x268.png 768w, https:\/\/dentavis.ro\/en\/wp-content\/uploads\/2019\/04\/logo-DentaVis-1030x359.png 1030w, https:\/\/dentavis.ro\/en\/wp-content\/uploads\/2019\/04\/logo-DentaVis-705x246.png 705w, https:\/\/dentavis.ro\/en\/wp-content\/uploads\/2019\/04\/logo-DentaVis-450x157.png 450w\" sizes=\"(max-width: 1200px) 100vw, 1200px\" \/><\/div><\/div><\/div><\/div><div class='av-flex-placeholder'><\/div><div class=\"flex_column av_one_half  flex_column_table_cell av-equal-height-column av-align-middle av-zero-column-padding   avia-builder-el-22  el_after_av_one_half  avia-builder-el-last  \" style='border-radius:0px; '><section class=\"av_textblock_section \"  itemscope=\"itemscope\" itemtype=\"https:\/\/schema.org\/CreativeWork\" ><div class='avia_textblock  '   itemprop=\"text\" ><p><strong>Phone:<\/strong> 0256436945<\/p>\n<p><strong>E-Mail:<\/strong> contact@dentavis.ro<\/p>\n<\/div><\/section><\/div><\/div><!--close column table wrapper. Autoclose: 1 -->\n\n<\/div><\/div><\/div><!-- close content main div --><\/div><\/div><div id='av_section_4'  class='avia-section socket_color avia-section-small avia-no-border-styling  avia-bg-style-scroll  avia-builder-el-24  el_after_av_section  avia-builder-el-last   container_wrap fullsize' style=' '  ><div class='container' ><div class='template-page content  av-content-full alpha units'><div class='post-entry post-entry-type-page post-entry-1656'><div class='entry-content-wrapper clearfix'>\n<section class=\"av_textblock_section \"  itemscope=\"itemscope\" itemtype=\"https:\/\/schema.org\/CreativeWork\" ><div class='avia_textblock  '   itemprop=\"text\" ><p style=\"text-align: center; font-size: 14px;\">\u00a9 Copyright DentaVis<\/p>\n<\/div><\/section>\n\n","protected":false},"excerpt":{"rendered":"","protected":false},"author":1,"featured_media":0,"parent":0,"menu_order":0,"comment_status":"closed","ping_status":"closed","template":"","meta":{"footnotes":""},"class_list":["post-1656","page","type-page","status-publish","hentry"],"yoast_head":"<!-- This site is optimized with the Yoast SEO plugin v27.6 - https:\/\/yoast.com\/product\/yoast-seo-wordpress\/ -->\n<title>DentaVis 1 Dental Radiology Center Timi\u0219oara | str. Popa \u0218apc\u0103 20B<\/title>\n<meta name=\"robots\" content=\"index, follow, max-snippet:-1, max-image-preview:large, max-video-preview:-1\" \/>\n<link rel=\"canonical\" href=\"https:\/\/dentavis.ro\/en\/dentavis1\/\" \/>\n<meta property=\"og:locale\" content=\"ro_RO\" \/>\n<meta property=\"og:type\" content=\"article\" \/>\n<meta property=\"og:title\" content=\"DentaVis 1 Dental Radiology Center Timi\u0219oara | str. Popa \u0218apc\u0103 20B\" \/>\n<meta property=\"og:url\" content=\"https:\/\/dentavis.ro\/en\/dentavis1\/\" \/>\n<meta property=\"og:site_name\" content=\"DentaVis\" \/>\n<meta property=\"article:modified_time\" content=\"2021-02-11T09:49:48+00:00\" \/>\n<meta property=\"og:image\" content=\"https:\/\/dentavis.ro\/wp-content\/uploads\/2019\/07\/popa-sapca.jpg\" \/>\n<meta name=\"twitter:card\" content=\"summary_large_image\" \/>\n<meta name=\"twitter:label1\" content=\"Timp estimat pentru citire\" \/>\n\t<meta name=\"twitter:data1\" content=\"11 minute\" \/>\n<script type=\"application\/ld+json\" class=\"yoast-schema-graph\">{\"@context\":\"https:\\\/\\\/schema.org\",\"@graph\":[{\"@type\":\"WebPage\",\"@id\":\"https:\\\/\\\/dentavis.ro\\\/en\\\/dentavis1\\\/\",\"url\":\"https:\\\/\\\/dentavis.ro\\\/en\\\/dentavis1\\\/\",\"name\":\"DentaVis 1 Dental Radiology Center Timi\u0219oara | str. Popa \u0218apc\u0103 20B\",\"isPartOf\":{\"@id\":\"https:\\\/\\\/dentavis.ro\\\/en\\\/#website\"},\"primaryImageOfPage\":{\"@id\":\"https:\\\/\\\/dentavis.ro\\\/en\\\/dentavis1\\\/#primaryimage\"},\"image\":{\"@id\":\"https:\\\/\\\/dentavis.ro\\\/en\\\/dentavis1\\\/#primaryimage\"},\"thumbnailUrl\":\"https:\\\/\\\/dentavis.ro\\\/wp-content\\\/uploads\\\/2019\\\/07\\\/popa-sapca.jpg\",\"datePublished\":\"2019-12-06T11:19:43+00:00\",\"dateModified\":\"2021-02-11T09:49:48+00:00\",\"breadcrumb\":{\"@id\":\"https:\\\/\\\/dentavis.ro\\\/en\\\/dentavis1\\\/#breadcrumb\"},\"inLanguage\":\"ro-RO\",\"potentialAction\":[{\"@type\":\"ReadAction\",\"target\":[\"https:\\\/\\\/dentavis.ro\\\/en\\\/dentavis1\\\/\"]}]},{\"@type\":\"ImageObject\",\"inLanguage\":\"ro-RO\",\"@id\":\"https:\\\/\\\/dentavis.ro\\\/en\\\/dentavis1\\\/#primaryimage\",\"url\":\"https:\\\/\\\/dentavis.ro\\\/wp-content\\\/uploads\\\/2019\\\/07\\\/popa-sapca.jpg\",\"contentUrl\":\"https:\\\/\\\/dentavis.ro\\\/wp-content\\\/uploads\\\/2019\\\/07\\\/popa-sapca.jpg\"},{\"@type\":\"BreadcrumbList\",\"@id\":\"https:\\\/\\\/dentavis.ro\\\/en\\\/dentavis1\\\/#breadcrumb\",\"itemListElement\":[{\"@type\":\"ListItem\",\"position\":1,\"name\":\"Prima pagin\u0103\",\"item\":\"https:\\\/\\\/dentavis.ro\\\/en\\\/\"},{\"@type\":\"ListItem\",\"position\":2,\"name\":\"Dentavis 1\"}]},{\"@type\":\"WebSite\",\"@id\":\"https:\\\/\\\/dentavis.ro\\\/en\\\/#website\",\"url\":\"https:\\\/\\\/dentavis.ro\\\/en\\\/\",\"name\":\"DentaVis\",\"description\":\"Radiologie Dentar\u0103 Digital\u0103 Timi\u0219oara\",\"potentialAction\":[{\"@type\":\"SearchAction\",\"target\":{\"@type\":\"EntryPoint\",\"urlTemplate\":\"https:\\\/\\\/dentavis.ro\\\/en\\\/?s={search_term_string}\"},\"query-input\":{\"@type\":\"PropertyValueSpecification\",\"valueRequired\":true,\"valueName\":\"search_term_string\"}}],\"inLanguage\":\"ro-RO\"}]}<\/script>\n<!-- \/ Yoast SEO plugin. -->","yoast_head_json":{"title":"DentaVis 1 Dental Radiology Center Timi\u0219oara | str. Popa \u0218apc\u0103 20B","robots":{"index":"index","follow":"follow","max-snippet":"max-snippet:-1","max-image-preview":"max-image-preview:large","max-video-preview":"max-video-preview:-1"},"canonical":"https:\/\/dentavis.ro\/en\/dentavis1\/","og_locale":"ro_RO","og_type":"article","og_title":"DentaVis 1 Dental Radiology Center Timi\u0219oara | str. Popa \u0218apc\u0103 20B","og_url":"https:\/\/dentavis.ro\/en\/dentavis1\/","og_site_name":"DentaVis","article_modified_time":"2021-02-11T09:49:48+00:00","og_image":[{"url":"https:\/\/dentavis.ro\/wp-content\/uploads\/2019\/07\/popa-sapca.jpg","type":"","width":"","height":""}],"twitter_card":"summary_large_image","twitter_misc":{"Timp estimat pentru citire":"11 minute"},"schema":{"@context":"https:\/\/schema.org","@graph":[{"@type":"WebPage","@id":"https:\/\/dentavis.ro\/en\/dentavis1\/","url":"https:\/\/dentavis.ro\/en\/dentavis1\/","name":"DentaVis 1 Dental Radiology Center Timi\u0219oara | str. Popa \u0218apc\u0103 20B","isPartOf":{"@id":"https:\/\/dentavis.ro\/en\/#website"},"primaryImageOfPage":{"@id":"https:\/\/dentavis.ro\/en\/dentavis1\/#primaryimage"},"image":{"@id":"https:\/\/dentavis.ro\/en\/dentavis1\/#primaryimage"},"thumbnailUrl":"https:\/\/dentavis.ro\/wp-content\/uploads\/2019\/07\/popa-sapca.jpg","datePublished":"2019-12-06T11:19:43+00:00","dateModified":"2021-02-11T09:49:48+00:00","breadcrumb":{"@id":"https:\/\/dentavis.ro\/en\/dentavis1\/#breadcrumb"},"inLanguage":"ro-RO","potentialAction":[{"@type":"ReadAction","target":["https:\/\/dentavis.ro\/en\/dentavis1\/"]}]},{"@type":"ImageObject","inLanguage":"ro-RO","@id":"https:\/\/dentavis.ro\/en\/dentavis1\/#primaryimage","url":"https:\/\/dentavis.ro\/wp-content\/uploads\/2019\/07\/popa-sapca.jpg","contentUrl":"https:\/\/dentavis.ro\/wp-content\/uploads\/2019\/07\/popa-sapca.jpg"},{"@type":"BreadcrumbList","@id":"https:\/\/dentavis.ro\/en\/dentavis1\/#breadcrumb","itemListElement":[{"@type":"ListItem","position":1,"name":"Prima pagin\u0103","item":"https:\/\/dentavis.ro\/en\/"},{"@type":"ListItem","position":2,"name":"Dentavis 1"}]},{"@type":"WebSite","@id":"https:\/\/dentavis.ro\/en\/#website","url":"https:\/\/dentavis.ro\/en\/","name":"DentaVis","description":"Radiologie Dentar\u0103 Digital\u0103 Timi\u0219oara","potentialAction":[{"@type":"SearchAction","target":{"@type":"EntryPoint","urlTemplate":"https:\/\/dentavis.ro\/en\/?s={search_term_string}"},"query-input":{"@type":"PropertyValueSpecification","valueRequired":true,"valueName":"search_term_string"}}],"inLanguage":"ro-RO"}]}},"_links":{"self":[{"href":"https:\/\/dentavis.ro\/en\/wp-json\/wp\/v2\/pages\/1656","targetHints":{"allow":["GET"]}}],"collection":[{"href":"https:\/\/dentavis.ro\/en\/wp-json\/wp\/v2\/pages"}],"about":[{"href":"https:\/\/dentavis.ro\/en\/wp-json\/wp\/v2\/types\/page"}],"author":[{"embeddable":true,"href":"https:\/\/dentavis.ro\/en\/wp-json\/wp\/v2\/users\/1"}],"replies":[{"embeddable":true,"href":"https:\/\/dentavis.ro\/en\/wp-json\/wp\/v2\/comments?post=1656"}],"version-history":[{"count":9,"href":"https:\/\/dentavis.ro\/en\/wp-json\/wp\/v2\/pages\/1656\/revisions"}],"predecessor-version":[{"id":2057,"href":"https:\/\/dentavis.ro\/en\/wp-json\/wp\/v2\/pages\/1656\/revisions\/2057"}],"wp:attachment":[{"href":"https:\/\/dentavis.ro\/en\/wp-json\/wp\/v2\/media?parent=1656"}],"curies":[{"name":"wp","href":"https:\/\/api.w.org\/{rel}","templated":true}]}}